{"id":62,"date":"2025-08-03T18:52:27","date_gmt":"2025-08-03T16:52:27","guid":{"rendered":"https:\/\/alchemist.nachtundnebel.ch\/?page_id=62"},"modified":"2025-11-19T18:40:07","modified_gmt":"2025-11-19T17:40:07","slug":"team","status":"publish","type":"page","link":"https:\/\/alchemist.nachtundnebel.ch\/index.php\/team\/","title":{"rendered":"Team"},"content":{"rendered":"\n<p><strong>Lupo Lumpazi<\/strong><br>Vollzeitpraktikant mit den Resorts Customerrelation und Reklamationswesen<\/p>\n\n\n\n<figure class=\"wp-block-image size-large is-resized\"><img loading=\"lazy\" decoding=\"async\" src=\"https:\/\/alchemist.nachtundnebel.ch\/wp-content\/uploads\/2025\/08\/lupo-889x1024.jpg\" alt=\"\" class=\"wp-image-67\" width=\"222\" height=\"256\" srcset=\"https:\/\/alchemist.nachtundnebel.ch\/wp-content\/uploads\/2025\/08\/lupo-889x1024.jpg 889w, https:\/\/alchemist.nachtundnebel.ch\/wp-content\/uploads\/2025\/08\/lupo-260x300.jpg 260w, https:\/\/alchemist.nachtundnebel.ch\/wp-content\/uploads\/2025\/08\/lupo-768x885.jpg 768w, https:\/\/alchemist.nachtundnebel.ch\/wp-content\/uploads\/2025\/08\/lupo.jpg 1194w\" sizes=\"auto, (max-width: 222px) 100vw, 222px\" \/><\/figure>\n\n\n\n<p><strong>Pia<\/strong><br>Strippenzieherin, Kn\u00fcpferin, Tonumformerin und H\u00fcterin des Brennofens<\/p>\n\n\n\n<figure class=\"wp-block-image size-full is-resized\"><img loading=\"lazy\" decoding=\"async\" src=\"https:\/\/alchemist.nachtundnebel.ch\/wp-content\/uploads\/2025\/08\/pia.jpg\" alt=\"\" class=\"wp-image-117\" width=\"300\" height=\"415\" srcset=\"https:\/\/alchemist.nachtundnebel.ch\/wp-content\/uploads\/2025\/08\/pia.jpg 400w, https:\/\/alchemist.nachtundnebel.ch\/wp-content\/uploads\/2025\/08\/pia-217x300.jpg 217w\" sizes=\"auto, (max-width: 300px) 100vw, 300px\" \/><\/figure>\n\n\n\n<p> <\/p>\n\n\n\n<p><strong>Martin (Mad)<\/strong><br>Brauer, Ton- und Metallverformer<\/p>\n\n\n\n<figure class=\"wp-block-image size-full is-resized\"><img loading=\"lazy\" decoding=\"async\" src=\"https:\/\/alchemist.nachtundnebel.ch\/wp-content\/uploads\/2025\/08\/mad.jpg\" alt=\"\" class=\"wp-image-118\" width=\"246\" height=\"390\" srcset=\"https:\/\/alchemist.nachtundnebel.ch\/wp-content\/uploads\/2025\/08\/mad.jpg 492w, https:\/\/alchemist.nachtundnebel.ch\/wp-content\/uploads\/2025\/08\/mad-189x300.jpg 189w\" sizes=\"auto, (max-width: 246px) 100vw, 246px\" \/><\/figure>\n\n\n\n<p><strong>Ronja<\/strong><br>Schildmaid<\/p>\n\n\n\n<figure class=\"wp-block-image size-large\"><img loading=\"lazy\" decoding=\"async\" width=\"563\" height=\"1024\" src=\"https:\/\/alchemist.nachtundnebel.ch\/wp-content\/uploads\/2025\/08\/ronja_legionaerin-563x1024.jpg\" alt=\"\" class=\"wp-image-109\" srcset=\"https:\/\/alchemist.nachtundnebel.ch\/wp-content\/uploads\/2025\/08\/ronja_legionaerin-563x1024.jpg 563w, https:\/\/alchemist.nachtundnebel.ch\/wp-content\/uploads\/2025\/08\/ronja_legionaerin-165x300.jpg 165w, https:\/\/alchemist.nachtundnebel.ch\/wp-content\/uploads\/2025\/08\/ronja_legionaerin-768x1397.jpg 768w, https:\/\/alchemist.nachtundnebel.ch\/wp-content\/uploads\/2025\/08\/ronja_legionaerin-845x1536.jpg 845w, https:\/\/alchemist.nachtundnebel.ch\/wp-content\/uploads\/2025\/08\/ronja_legionaerin.jpg 909w\" sizes=\"auto, (max-width: 563px) 100vw, 563px\" \/><\/figure>\n\n\n\n<p><\/p>\n\n\n\n<p>Pia Plaz &amp; Martin K\u00e4mpf<br>Rychenbergstrasse 374<br>8404 Vitudurum (Winterthur)<br><br>oder <\/p>\n\n\n\n<p><br>Stradung 29<br>7460 Savognin<\/p>\n\n\n\n<p>alchemist AT nachtundnebel DOT ch<\/p>\n","protected":false},"excerpt":{"rendered":"<p>Lupo LumpaziVollzeitpraktikant mit den Resorts Customerrelation und Reklamationswesen PiaStrippenzieherin, Kn\u00fcpferin, Tonumformerin und H\u00fcterin des Brennofens Martin (Mad)Brauer, Ton- und Metallverformer RonjaSchildmaid Pia Plaz &amp; Martin K\u00e4mpfRychenbergstrasse 3748404 Vitudurum (Winterthur) oder Stradung 297460 Savognin alchemist AT nachtundnebel DOT ch<\/p>\n","protected":false},"author":1,"featured_media":106,"parent":0,"menu_order":0,"comment_status":"closed","ping_status":"closed","template":"","meta":{"footnotes":""},"class_list":["post-62","page","type-page","status-publish","has-post-thumbnail","hentry"],"_links":{"self":[{"href":"https:\/\/alchemist.nachtundnebel.ch\/index.php\/wp-json\/wp\/v2\/pages\/62","targetHints":{"allow":["GET"]}}],"collection":[{"href":"https:\/\/alchemist.nachtundnebel.ch\/index.php\/wp-json\/wp\/v2\/pages"}],"about":[{"href":"https:\/\/alchemist.nachtundnebel.ch\/index.php\/wp-json\/wp\/v2\/types\/page"}],"author":[{"embeddable":true,"href":"https:\/\/alchemist.nachtundnebel.ch\/index.php\/wp-json\/wp\/v2\/users\/1"}],"replies":[{"embeddable":true,"href":"https:\/\/alchemist.nachtundnebel.ch\/index.php\/wp-json\/wp\/v2\/comments?post=62"}],"version-history":[{"count":9,"href":"https:\/\/alchemist.nachtundnebel.ch\/index.php\/wp-json\/wp\/v2\/pages\/62\/revisions"}],"predecessor-version":[{"id":143,"href":"https:\/\/alchemist.nachtundnebel.ch\/index.php\/wp-json\/wp\/v2\/pages\/62\/revisions\/143"}],"wp:featuredmedia":[{"embeddable":true,"href":"https:\/\/alchemist.nachtundnebel.ch\/index.php\/wp-json\/wp\/v2\/media\/106"}],"wp:attachment":[{"href":"https:\/\/alchemist.nachtundnebel.ch\/index.php\/wp-json\/wp\/v2\/media?parent=62"}],"curies":[{"name":"wp","href":"https:\/\/api.w.org\/{rel}","templated":true}]}}