{"id":35,"date":"2025-08-03T17:56:32","date_gmt":"2025-08-03T15:56:32","guid":{"rendered":"https:\/\/alchemist.nachtundnebel.ch\/?page_id=35"},"modified":"2025-11-08T22:39:05","modified_gmt":"2025-11-08T21:39:05","slug":"zauberstaebe","status":"publish","type":"page","link":"https:\/\/alchemist.nachtundnebel.ch\/index.php\/zauberstaebe\/","title":{"rendered":"Zauberst\u00e4be"},"content":{"rendered":"\n<p>Aus der Not unsere Hobbies schneller voranzutreiben, setzten wir uns vor einigen Jahren mit der Herstellung von Zauberst\u00e4ben auseinander. Mit den Resultaten sind wir recht zufrieden, funktionieren diese doch in der Regel wesentlich besser und zuverl\u00e4ssiger als z.B. die serienm\u00e4ssig produzierten Modelle welche in Harry Potter Fan Shops feilgeboten werden.<\/p>\n\n\n\n<p>Unsere Zauberst\u00e4be wurden mit einem relativ kleinen Anteil an Kinderarbeit erstellt und werden vor dem Verkauf ausgiebig in ihrer Funktionsweise gepr\u00fcft.<\/p>\n\n\n\n<p>Unser Zauberst\u00e4be lassen sich \u00fcbrigens mit unseren \u00d6ll\u00e4mpchen mit etwas durchschnittlichem magischen Geschick zu Zauberlampen kombinieren, welche den einen oder andern Wunsch oder zumindest die gute Stube mit zauberhaftem Licht erf\u00fcllt.<\/p>\n\n\n\n<figure class=\"wp-block-image size-full\"><img loading=\"lazy\" decoding=\"async\" width=\"800\" height=\"684\" src=\"https:\/\/alchemist.nachtundnebel.ch\/wp-content\/uploads\/2025\/08\/zauberstab.png\" alt=\"\" class=\"wp-image-70\" srcset=\"https:\/\/alchemist.nachtundnebel.ch\/wp-content\/uploads\/2025\/08\/zauberstab.png 800w, https:\/\/alchemist.nachtundnebel.ch\/wp-content\/uploads\/2025\/08\/zauberstab-300x257.png 300w, https:\/\/alchemist.nachtundnebel.ch\/wp-content\/uploads\/2025\/08\/zauberstab-768x657.png 768w\" sizes=\"auto, (max-width: 800px) 100vw, 800px\" \/><\/figure>\n","protected":false},"excerpt":{"rendered":"<p>Aus der Not unsere Hobbies schneller voranzutreiben, setzten wir uns vor einigen Jahren mit der Herstellung von Zauberst\u00e4ben auseinander. Mit den Resultaten sind wir recht zufrieden, funktionieren diese doch in der Regel wesentlich besser und zuverl\u00e4ssiger als z.B. die serienm\u00e4ssig &hellip; <a href=\"https:\/\/alchemist.nachtundnebel.ch\/index.php\/zauberstaebe\/\">Weiterlesen <span class=\"meta-nav\">&rarr;<\/span><\/a><\/p>\n","protected":false},"author":1,"featured_media":74,"parent":0,"menu_order":0,"comment_status":"closed","ping_status":"closed","template":"","meta":{"footnotes":""},"class_list":["post-35","page","type-page","status-publish","has-post-thumbnail","hentry"],"_links":{"self":[{"href":"https:\/\/alchemist.nachtundnebel.ch\/index.php\/wp-json\/wp\/v2\/pages\/35","targetHints":{"allow":["GET"]}}],"collection":[{"href":"https:\/\/alchemist.nachtundnebel.ch\/index.php\/wp-json\/wp\/v2\/pages"}],"about":[{"href":"https:\/\/alchemist.nachtundnebel.ch\/index.php\/wp-json\/wp\/v2\/types\/page"}],"author":[{"embeddable":true,"href":"https:\/\/alchemist.nachtundnebel.ch\/index.php\/wp-json\/wp\/v2\/users\/1"}],"replies":[{"embeddable":true,"href":"https:\/\/alchemist.nachtundnebel.ch\/index.php\/wp-json\/wp\/v2\/comments?post=35"}],"version-history":[{"count":5,"href":"https:\/\/alchemist.nachtundnebel.ch\/index.php\/wp-json\/wp\/v2\/pages\/35\/revisions"}],"predecessor-version":[{"id":140,"href":"https:\/\/alchemist.nachtundnebel.ch\/index.php\/wp-json\/wp\/v2\/pages\/35\/revisions\/140"}],"wp:featuredmedia":[{"embeddable":true,"href":"https:\/\/alchemist.nachtundnebel.ch\/index.php\/wp-json\/wp\/v2\/media\/74"}],"wp:attachment":[{"href":"https:\/\/alchemist.nachtundnebel.ch\/index.php\/wp-json\/wp\/v2\/media?parent=35"}],"curies":[{"name":"wp","href":"https:\/\/api.w.org\/{rel}","templated":true}]}}