{"id":26,"date":"2025-08-03T17:31:01","date_gmt":"2025-08-03T15:31:01","guid":{"rendered":"https:\/\/alchemist.nachtundnebel.ch\/?page_id=26"},"modified":"2025-08-04T17:33:41","modified_gmt":"2025-08-04T15:33:41","slug":"alchemie","status":"publish","type":"page","link":"https:\/\/alchemist.nachtundnebel.ch\/index.php\/alchemie\/","title":{"rendered":"Alchemie"},"content":{"rendered":"\n<p>Seit der Urzeit versucht der Mensch gew\u00f6hnliche Materie in neue und edlere Stoffe umzuwandeln. Waren anf\u00e4nglich aufgrund von fehlenden wissenschaftlichen Erkenntnissen h\u00e4ufig noch Magie und Zauberei f\u00fcr die Erkl\u00e4rung der (Miss)-Erfolge notwendig, so sind diese in der Zwischenzeit schon fast vollst\u00e4ndig durch modernes Wissen aus Physik, Biologie und Chemie erkl\u00e4rbar. Und f\u00fcr die kleinen L\u00fccken dazwischen haben wir immer noch unsere Zauberst\u00e4be.<\/p>\n\n\n\n<p>Auf den Spuren der alten Alchemisten Zosimos von Panopolis, Paracelsus und Albertus Magnus brauen, kochen, kn\u00fcpfen und formen wir Einfaches in Edles um.<\/p>\n\n\n\n<p>Steinzeug Ton in <a href=\"https:\/\/alchemist.nachtundnebel.ch\/index.php\/oellampen\/\">filigrane Lampen<\/a>, Gersten in lieblichen <a href=\"https:\/\/alchemist.nachtundnebel.ch\/index.php\/saccharomyces-cerevisiae\/\">Cervisia<\/a>, rohe Metalle in <a href=\"https:\/\/alchemist.nachtundnebel.ch\/index.php\/schmiede\/\">edle Geschmiede<\/a> und nicht zuletzt Drachenherzfasern in <a href=\"https:\/\/alchemist.nachtundnebel.ch\/index.php\/zauberstaebe\/\">m\u00e4chtige Zauberst\u00e4be<\/a>.<\/p>\n\n\n\n<p>Bei der ganzen Sachen versuchen wir uns selber (ganz im Gegensatz zu unserem Handwerk) nicht immer ganz ernst zu nehmen.<\/p>\n","protected":false},"excerpt":{"rendered":"<p>Seit der Urzeit versucht der Mensch gew\u00f6hnliche Materie in neue und edlere Stoffe umzuwandeln. Waren anf\u00e4nglich aufgrund von fehlenden wissenschaftlichen Erkenntnissen h\u00e4ufig noch Magie und Zauberei f\u00fcr die Erkl\u00e4rung der (Miss)-Erfolge notwendig, so sind diese in der Zwischenzeit schon fast &hellip; <a href=\"https:\/\/alchemist.nachtundnebel.ch\/index.php\/alchemie\/\">Weiterlesen <span class=\"meta-nav\">&rarr;<\/span><\/a><\/p>\n","protected":false},"author":1,"featured_media":106,"parent":0,"menu_order":0,"comment_status":"closed","ping_status":"closed","template":"","meta":{"footnotes":""},"class_list":["post-26","page","type-page","status-publish","has-post-thumbnail","hentry"],"_links":{"self":[{"href":"https:\/\/alchemist.nachtundnebel.ch\/index.php\/wp-json\/wp\/v2\/pages\/26","targetHints":{"allow":["GET"]}}],"collection":[{"href":"https:\/\/alchemist.nachtundnebel.ch\/index.php\/wp-json\/wp\/v2\/pages"}],"about":[{"href":"https:\/\/alchemist.nachtundnebel.ch\/index.php\/wp-json\/wp\/v2\/types\/page"}],"author":[{"embeddable":true,"href":"https:\/\/alchemist.nachtundnebel.ch\/index.php\/wp-json\/wp\/v2\/users\/1"}],"replies":[{"embeddable":true,"href":"https:\/\/alchemist.nachtundnebel.ch\/index.php\/wp-json\/wp\/v2\/comments?post=26"}],"version-history":[{"count":3,"href":"https:\/\/alchemist.nachtundnebel.ch\/index.php\/wp-json\/wp\/v2\/pages\/26\/revisions"}],"predecessor-version":[{"id":46,"href":"https:\/\/alchemist.nachtundnebel.ch\/index.php\/wp-json\/wp\/v2\/pages\/26\/revisions\/46"}],"wp:featuredmedia":[{"embeddable":true,"href":"https:\/\/alchemist.nachtundnebel.ch\/index.php\/wp-json\/wp\/v2\/media\/106"}],"wp:attachment":[{"href":"https:\/\/alchemist.nachtundnebel.ch\/index.php\/wp-json\/wp\/v2\/media?parent=26"}],"curies":[{"name":"wp","href":"https:\/\/api.w.org\/{rel}","templated":true}]}}