{"id":23,"date":"2025-08-03T16:56:33","date_gmt":"2025-08-03T14:56:33","guid":{"rendered":"https:\/\/alchemist.nachtundnebel.ch\/?page_id=23"},"modified":"2025-08-04T17:41:53","modified_gmt":"2025-08-04T15:41:53","slug":"oellampen","status":"publish","type":"page","link":"https:\/\/alchemist.nachtundnebel.ch\/index.php\/oellampen\/","title":{"rendered":"\u00d6llampen"},"content":{"rendered":"\n<p>Urspr\u00fcnglich in einem Workshop von Kathi Zimmerman zur Erstellung von Replikas von r\u00f6mischen \u00d6llampen in Vindonissa (Windisch) entflammte die Leidenschaft f\u00fcr die kleinen knubelig bis elganten L\u00e4mpchen welche sich bei uns zu Hause nun stehtig weiter vermehren.<\/p>\n\n\n\n<p>\u00d6ll\u00e4mpchen finden sich fast \u00fcberall, wo r\u00f6mische Legion\u00e4re ihre Lager aufschlugen. <br>In Vindonissa (die meisten unserer Replicas wurden dort gefunden), Vitudurum (unweit unseres Wohnorts in Oberwinterthur) und villeicht auch bald auf dem letzten Jahr endeckten <a rel=\"noreferrer noopener\" href=\"https:\/\/www.gr.ch\/de\/medien\/mitteilungen\/mmstaka\/2024\/seiten\/2024082903.aspx#mmarticle=1\" target=\"_blank\">Hochlager auf dem Motta Palousa<\/a>. <\/p>\n\n\n\n<p><\/p>\n\n\n\n<figure class=\"wp-block-image size-large\"><img loading=\"lazy\" decoding=\"async\" width=\"1024\" height=\"660\" src=\"https:\/\/alchemist.nachtundnebel.ch\/wp-content\/uploads\/2025\/08\/vitudurum-1024x660.jpg\" alt=\"\" class=\"wp-image-111\" srcset=\"https:\/\/alchemist.nachtundnebel.ch\/wp-content\/uploads\/2025\/08\/vitudurum-1024x660.jpg 1024w, https:\/\/alchemist.nachtundnebel.ch\/wp-content\/uploads\/2025\/08\/vitudurum-300x193.jpg 300w, https:\/\/alchemist.nachtundnebel.ch\/wp-content\/uploads\/2025\/08\/vitudurum-768x495.jpg 768w, https:\/\/alchemist.nachtundnebel.ch\/wp-content\/uploads\/2025\/08\/vitudurum.jpg 1350w\" sizes=\"auto, (max-width: 1024px) 100vw, 1024px\" \/><\/figure>\n\n\n\n<p><a href=\"https:\/\/alchemist.nachtundnebel.ch\/index.php\/oellampen\/\">Seite ansehen<\/a><\/p>\n","protected":false},"excerpt":{"rendered":"<p>Urspr\u00fcnglich in einem Workshop von Kathi Zimmerman zur Erstellung von Replikas von r\u00f6mischen \u00d6llampen in Vindonissa (Windisch) entflammte die Leidenschaft f\u00fcr die kleinen knubelig bis elganten L\u00e4mpchen welche sich bei uns zu Hause nun stehtig weiter vermehren. \u00d6ll\u00e4mpchen finden sich &hellip; <a href=\"https:\/\/alchemist.nachtundnebel.ch\/index.php\/oellampen\/\">Weiterlesen <span class=\"meta-nav\">&rarr;<\/span><\/a><\/p>\n","protected":false},"author":1,"featured_media":106,"parent":0,"menu_order":0,"comment_status":"closed","ping_status":"closed","template":"","meta":{"footnotes":""},"class_list":["post-23","page","type-page","status-publish","has-post-thumbnail","hentry"],"_links":{"self":[{"href":"https:\/\/alchemist.nachtundnebel.ch\/index.php\/wp-json\/wp\/v2\/pages\/23","targetHints":{"allow":["GET"]}}],"collection":[{"href":"https:\/\/alchemist.nachtundnebel.ch\/index.php\/wp-json\/wp\/v2\/pages"}],"about":[{"href":"https:\/\/alchemist.nachtundnebel.ch\/index.php\/wp-json\/wp\/v2\/types\/page"}],"author":[{"embeddable":true,"href":"https:\/\/alchemist.nachtundnebel.ch\/index.php\/wp-json\/wp\/v2\/users\/1"}],"replies":[{"embeddable":true,"href":"https:\/\/alchemist.nachtundnebel.ch\/index.php\/wp-json\/wp\/v2\/comments?post=23"}],"version-history":[{"count":5,"href":"https:\/\/alchemist.nachtundnebel.ch\/index.php\/wp-json\/wp\/v2\/pages\/23\/revisions"}],"predecessor-version":[{"id":113,"href":"https:\/\/alchemist.nachtundnebel.ch\/index.php\/wp-json\/wp\/v2\/pages\/23\/revisions\/113"}],"wp:featuredmedia":[{"embeddable":true,"href":"https:\/\/alchemist.nachtundnebel.ch\/index.php\/wp-json\/wp\/v2\/media\/106"}],"wp:attachment":[{"href":"https:\/\/alchemist.nachtundnebel.ch\/index.php\/wp-json\/wp\/v2\/media?parent=23"}],"curies":[{"name":"wp","href":"https:\/\/api.w.org\/{rel}","templated":true}]}}