{"id":145,"date":"2026-01-05T20:35:46","date_gmt":"2026-01-05T19:35:46","guid":{"rendered":"https:\/\/alchemist.nachtundnebel.ch\/?page_id=145"},"modified":"2026-01-06T23:07:01","modified_gmt":"2026-01-06T22:07:01","slug":"spielanleitung","status":"publish","type":"page","link":"https:\/\/alchemist.nachtundnebel.ch\/index.php\/spielanleitung\/","title":{"rendered":"Spielanleitungen"},"content":{"rendered":"\n<p>An den vergangenen M\u00e4rkten haben wir unter anderm Gesellschaftsspiele aus lange vergangen Epochen feilgeboten. Unterstehend k\u00f6nnte ihr die Spiel mit samt den Regeln ausprobieren (Gerade die Anzeige der m\u00f6glichen Z\u00fcge kann f\u00fcr Anf\u00e4nger den Einstieg erheblich vereinfachen). <\/p>\n\n\n\n<h1 class=\"wp-block-heading\">Hnefatafl \u2013 Schach f\u00fcr Wikinger (mit mehr \u00c4xten)<\/h1>\n\n\n\n<p>Du lebst als Wikinger im 9. Jahrhundert und hast gerade ein Kloster gepl\u00fcndert, und jetzt sitzt du in deiner Langhalle fest, weil drau\u00dfen ein Schneesturm tobt. Was machst du? Du holst dein Hnefatafl-Brett heraus \u2013 das Strategiespiel f\u00fcr Leute, die asymmetrische Kriegsf\u00fchrung lieben!<\/p>\n\n\n\n<p>Hnefatafl (altnordisch f\u00fcr &#8222;K\u00f6nig-Tafel&#8220; oder &#8222;Faust-Tafel&#8220; \u2013 die Linguisten streiten sich noch) war DAS Brettspiel der Wikinger und anderer germanischer V\u00f6lker. Anders als bei Schach oder den r\u00f6mischen Spielen waren die beiden Seiten hier komplett unterschiedlich: Ein Spieler hatte den K\u00f6nig und wenige Verteidiger in der Mitte des Bretts, der andere eine \u00dcbermacht an Angreifern am Rand. <\/p>\n\n\n\n<p>Das Spiel war so beliebt, dass die Wikinger es auf ihre Raubz\u00fcge mitnahmen. Arch\u00e4ologen haben Hnefatafl-Bretter von Island bis zur Ukraine gefunden. Manche Steine waren aus Walknochen geschnitzt, andere aus Bernstein. Es gab sogar tragbare Reise-Editionen mit L\u00f6chern im Brett, damit die Steine auf hoher See nicht wegrollten. <\/p>\n\n\n\n<p>Die Regeln? Nun, hier wird&#8217;s interessant: Verschiedene Regionen hatten verschiedene Varianten! Es gab Tablut (die s\u00e1mische Version), Brandubh (irisch), Tawlbwrdd (walisisch) \u2013 jeder hatte seine eigene Special Edition. Die Grundidee war aber immer: Der K\u00f6nig muss entkommen, die Angreifer m\u00fcssen ihn einkesseln.<\/p>\n\n\n\n<p>Das Traurige? Als Schach im Mittelalter popul\u00e4r wurde, verschwand Hnefatafl fast v\u00f6llig. Die Wikinger wurden christianisiert, sesshaft und verga\u00dfen ihr eigenes episches Strategiespiel. Erst im 18. Jahrhundert fand man alte Texte mit Regelbeschreibungen, und heute kann man es wieder spielen \u2013 Odin sei Dank!<\/p>\n\n\n\n<a href=\"\/wp-content\/uploads\/2026\/01\/hnefatafl.html\">Zum Spiel Hnefatafl<\/a>\n\n\n\n<p><\/p>\n\n\n\n<h1 class=\"wp-block-heading\">Shahr-i-Sokhta \u2013 Das Spiel aus der &#8222;Verbrannten Stadt&#8220;<\/h1>\n\n\n\n<p>Was spielt man im Jahr 2800 v. Chr. im heutigen Iran, an einem Ort namens &#8222;Verbrannte Stadt&#8220; (was schon mal kein gutes Omen ist) als Ablenkung vom ganzen Weltuntergangs-Vibe. Nat\u00fcrlich das Shahr-i-Sokhta-Spiel \u2013 benannt nach dem arch\u00e4ologischen Fundort, weil niemand mehr wei\u00df, wie die Leute es damals nannten!<\/p>\n\n\n\n<p>1977 machten Arch\u00e4ologen in den Ruinen von Shahr-i-Sokhta (im Osten des heutigen Iran) einen spektakul\u00e4ren Fund: Ein 4.800 Jahre altes Brettspiel aus Ebenholz, komplett mit 60 Spielsteinen und w\u00fcrfelartigen Tetraedern aus Achat! Das ist wie die Deluxe-Edition mit Bling-Bling \u2013 diese Leute nahmen ihr Gaming ernst.<\/p>\n\n\n\n<p>Das Brett hatte eine Schlangenform mit 20 Feldern, die sich in Spiralen wanden. Manche Felder waren mit T\u00fcrkis eingelegt \u2013 vermutlich die &#8222;Premium-Felder&#8220; der Bronzezeit. Die W\u00fcrfel waren vierseitig (Tetraeder), was bedeutet: Diese Leute waren mathematisch so drauf, dass sie nicht mal klassische sechsseitige W\u00fcrfel brauchten!<\/p>\n\n\n\n<p>Das wirklich Faszinierende? Das Spiel wurde im Grab einer jungen Frau gefunden, zusammen mit kunstvollem Schmuck. War sie eine Meisterspielerin? Eine Priesterin? Eine Gaming-Influencerin der Antike? Wir werden es nie erfahren, aber sie war definitiv wichtig genug, um mit ihrem Premium-Spielset bestattet zu werden.<\/p>\n\n\n\n<p>Und nat\u00fcrlich \u2013 das kennen wir ja schon \u2013 die genauen Regeln? V\u00f6llig unbekannt! Die Arch\u00e4ologen haben nur spekuliert, dass es ein Rennspiel war. Die Leute von Shahr-i-Sokhta nahmen das Geheimnis mit ins Grab.<\/p>\n\n\n\n<a href=\"\/wp-content\/uploads\/2026\/01\/shahr-i-sokhta-deutsch.html\">Zum Spiel Shahr-i-sokhta<\/a>\n\n\n\n\n\n<p><\/p>\n\n\n\n<h1 class=\"wp-block-heading\">Senet (\ud80c\ude83\ud80c\ude16\ud80c\udfcf\ud80c\udfdb) \u2013 Das Brettspiel der Pharaonen<\/h1>\n\n\n\n<p>Angenommen du bist Tutanchamun und kommst von einem anstrengenden Tag auf der Baustelle einer deiner Pyramiden zur\u00fcck uns willst dich etwas entspannen . Was machst du? Du holst dein Senet-Brett heraus \u2013 das Spiel, das so wichtig war, dass man es mit ins Grab nahm (buchst\u00e4blich!).<\/p>\n\n\n\n<p>Senet ist vermutlich das \u00e4lteste Brettspiel der Welt, das wir kennen \u2013 gespielt seit mindestens 3100 v. Chr.! Das bedeutet, die alten \u00c4gypter zockten Senet, w\u00e4hrend anderswo auf der Welt die Leute noch \u00fcberlegten, ob Rad oder Schrift cooler sind. Gespielt wurde auf einem Brett mit 30 Feldern (3&#215;10), und man bewegte seine Spielsteine je nach Wurf von St\u00e4bchen oder Kn\u00f6chelchen.<\/p>\n\n\n\n<p>Was als harmloses Gesellschaftsspiel begann, wurde im Laufe der Jahrhunderte zu etwas viel Tieferem: Die \u00c4gypter glaubten, Senet sei eine Reise durch die Unterwelt! Jedes Feld symbolisierte eine Station auf dem Weg ins Jenseits. Feld 27 war das &#8222;Haus des Wassers&#8220; (klingt entspannend), Feld 26 das &#8222;Haus der Wahrheit&#8220; (weniger entspannend). Man spielte quasi sein eigenes Totengericht \u2013 nur mit mehr Spass!<\/p>\n\n\n\n<p>Deshalb fand man Senet-Bretter in fast jedem bedeutenden Pharaonengrab, von Tutanchamun bis Nofretete. Die Botschaft war klar: &#8222;Ich will im Jenseits spielen k\u00f6nnen!&#8220; Manche Bretter waren aus Ebenholz und Elfenbein \u2013 die damalige Luxus-Edition.<\/p>\n\n\n\n<p>Und das Beste? Von Senet haben wir tats\u00e4chlich bildliche Darstellungen UND antike Texte, die Hinweise auf die Regeln geben! Historiker haben die Regeln rekonstruiert, und man kann es heute noch spielen. Endlich mal ein antikes Spiel, bei dem die Alten ihre Hausaufgaben gemacht haben!<\/p>\n\n\n\n<a href=\"\/wp-content\/uploads\/2026\/01\/senet-deutsch.html\">Zum Spiel Senet<\/a>\n\n\n\n<p><\/p>\n\n\n\n<h1 class=\"wp-block-heading\">Petteia \u2013 Wenn griechische Philosophen nicht philosophieren<\/h1>\n\n\n\n<p>Petteia (\u03c0\u03b5\u03c4\u03c4\u03b5\u03af\u03b1) war DAS Brettspiel der alten Griechen, lange bevor die R\u00f6mer es kopierten und &#8222;Ludus Latrunculorum&#8220; nannten. Gespielt wurde es auf einem quadratischen Brett mit Spielsteinen, die man geschickt man\u00f6vrieren musste, um die gegnerischen Steine einzukesseln und vom Brett zu entfernen. Klingt simpel? War es nicht \u2013 sonst h\u00e4tte Homer es nicht in der Odyssee erw\u00e4hnt!<\/p>\n\n\n\n<p>Die alten Griechen waren so verr\u00fcckt nach diesem Spiel, dass selbst die gro\u00dfen Philosophen dar\u00fcber schrieben. Platon nutzte es als Metapher f\u00fcr milit\u00e4rische Strategie, und Aristoteles&#8230; nun ja, der analysierte vermutlich die Logik hinter den Z\u00fcgen. Typisch Griechen \u2013 selbst beim Spielen muss man intellektuell klingen.<\/p>\n\n\n\n<p>Arch\u00e4ologen haben Spielbretter aus dem 5. Jahrhundert v. Chr. gefunden, oft kunstvoll verziert. Manche vermuten, dass Petteia vom noch \u00e4lteren \u00e4gyptischen Spiel&nbsp;<em>Senat<\/em>&nbsp;beeinflusst wurde \u2013 die Griechen waren schon immer gut darin, Ideen zu &#8222;adaptieren&#8220; und dann zu behaupten, sie h\u00e4tten sie erfunden.<\/p>\n\n\n\n<p>Das Tragische? Auch hier: Keine vollst\u00e4ndigen Regelwerke \u00fcberliefert! Die Griechen waren zu besch\u00e4ftigt damit, \u00fcber das Spiel zu philosophieren, anstatt einfach mal aufzuschreiben, wie man es spielt. Danke, Sokrates.<\/p>\n\n\n\n<a href=\"\/wp-content\/uploads\/2026\/01\/petteia-deutsch.html\">Zum Spiel Petteia<\/a>\n\n\n\n<p><\/p>\n\n\n\n<h1 class=\"wp-block-heading\">Ludus Latrunculorum \u2013 Das Schachbrett der Legion\u00e4re<\/h1>\n\n\n\n<p>Stell dir vor, es ist das Jahr 100 n. Chr., und du hast gerade Germanien erobert. Was machst du jetzt? Richtig \u2013 du spielst Ludus Latrunculorum, das Lieblingsspiel gelangweilter r\u00f6mischer Soldaten!<\/p>\n\n\n\n<p>Dieses antike Brettspiel war sozusagen das &#8222;Stratego&#8220; der Antike. Zwei Spieler stellten ihre Steine (genannt&nbsp;<em>latrunculi<\/em>&nbsp;\u2013 w\u00f6rtlich &#8222;kleine S\u00f6ldner&#8220; oder &#8222;R\u00e4uber&#8220;) auf einem schachbrettartigen Feld auf und versuchten, die gegnerischen Steine durch Einkesseln zu schlagen. Kein W\u00fcrfelgl\u00fcck, nur pure Taktik \u2013 perfekt f\u00fcr Leute, die tags\u00fcber ohnehin Schlachtpl\u00e4ne schmieden mussten.<\/p>\n\n\n\n<p>Die R\u00f6mer waren so besessen von diesem Spiel, dass Spielbretter in Kasernen, Tavernen und sogar im Forum Romanum in Stein geritzt wurden. Manche Historiker glauben, dass es von einem noch \u00e4lteren griechischen Spiel namens&nbsp;<em>Petteia<\/em>abstammte \u2013 klassischer Fall von &#8222;Wir haben es nicht erfunden, aber wir haben es besser gemacht.&#8220;<\/p>\n\n\n\n<p>Leider haben die R\u00f6mer vergessen, uns die genauen Regeln aufzuschreiben (typisch!), also streiten sich Arch\u00e4ologen heute noch dar\u00fcber, wie man es genau spielte. Eines ist sicher: Es war beliebter als die Wagenrennen im Circus Maximus \u2013 zumindest bei denen, die ihre Sesterzen nicht verwetten wollten.<\/p>\n\n\n\n<a href=\"\/wp-content\/uploads\/2026\/01\/ludus-latrunculorum-deutsch.html\">Zum Spiel ludus latrunculorum<\/a>\n\n\n\n<p><\/p>\n\n\n\n<h1 class=\"wp-block-heading\">Liubo (\u516d\u535a) \u2013 W\u00fcrfeln mit Konfuzius<\/h1>\n\n\n\n<p>Liubo (\u516d\u535a, &#8222;Sechs St\u00e4be&#8220;) war DAS Gesellschaftsspiel im alten China, so beliebt, dass man es sogar in Gr\u00e4bern fand \u2013 damit die Verstorbenen im Jenseits nicht gelangweilt herumsitzen mussten. Gespielt wurde auf einem kunstvollen, meist L-f\u00f6rmigen oder kreuzf\u00f6rmigen Brett mit sechs Bambusst\u00e4bchen als W\u00fcrfel (daher der Name) und Spielsteinen, die man je nach Wurf bewegte.<\/p>\n\n\n\n<p>Das Spiel war so prestigetr\u00e4chtig, dass es in der Han-Dynastie (206 v. Chr. \u2013 220 n. Chr.) zum absoluten Statussymbol der Elite wurde. Reiche Leute lie\u00dfen sich mit ihren Liubo-Sets bestatten \u2013 aus Jade, Bronze, sogar Gold! Es war sozusagen das &#8222;Rolex-\u00c4quivalent&#8220; der antiken Brettspiele.<\/p>\n\n\n\n<p>Die Regeln waren offenbar komplex genug, dass alte Texte von &#8222;strategischen Man\u00f6vern&#8220; und &#8222;taktischen Finessen&#8220; sprechen. Manche Historiker glauben, es hatte kosmologische Bedeutung und symbolisierte den Kampf zwischen Yin und Yang. Die Chinesen konnten eben auch beim Spielen philosophisch werden \u2013 da standen sie den Griechen in nichts nach!<\/p>\n\n\n\n<p>Das wirklich \u00c4rgerliche? Um das 3. Jahrhundert n. Chr. verschwand Liubo pl\u00f6tzlich komplett und wurde von Go und Xiangqi verdr\u00e4ngt. Und nat\u00fcrlich \u2013 ihr ahnt es \u2013 die vollst\u00e4ndigen Regeln? Verloren! Arch\u00e4ologen finden st\u00e4ndig prachtvolle Spielbretter, aber niemand wei\u00df mehr genau, wie man damit spielt. Klassisch!<\/p>\n\n\n\n<a href=\"\/wp-content\/uploads\/2026\/01\/liubo-deutsch.html\">Zum Spiel Liubo<\/a>\n","protected":false},"excerpt":{"rendered":"<p>An den vergangenen M\u00e4rkten haben wir unter anderm Gesellschaftsspiele aus lange vergangen Epochen feilgeboten. Unterstehend k\u00f6nnte ihr die Spiel mit samt den Regeln ausprobieren (Gerade die Anzeige der m\u00f6glichen Z\u00fcge kann f\u00fcr Anf\u00e4nger den Einstieg erheblich vereinfachen). Hnefatafl \u2013 Schach &hellip; <a href=\"https:\/\/alchemist.nachtundnebel.ch\/index.php\/spielanleitung\/\">Weiterlesen <span class=\"meta-nav\">&rarr;<\/span><\/a><\/p>\n","protected":false},"author":1,"featured_media":0,"parent":0,"menu_order":0,"comment_status":"closed","ping_status":"closed","template":"","meta":{"footnotes":""},"class_list":["post-145","page","type-page","status-publish","hentry"],"_links":{"self":[{"href":"https:\/\/alchemist.nachtundnebel.ch\/index.php\/wp-json\/wp\/v2\/pages\/145","targetHints":{"allow":["GET"]}}],"collection":[{"href":"https:\/\/alchemist.nachtundnebel.ch\/index.php\/wp-json\/wp\/v2\/pages"}],"about":[{"href":"https:\/\/alchemist.nachtundnebel.ch\/index.php\/wp-json\/wp\/v2\/types\/page"}],"author":[{"embeddable":true,"href":"https:\/\/alchemist.nachtundnebel.ch\/index.php\/wp-json\/wp\/v2\/users\/1"}],"replies":[{"embeddable":true,"href":"https:\/\/alchemist.nachtundnebel.ch\/index.php\/wp-json\/wp\/v2\/comments?post=145"}],"version-history":[{"count":22,"href":"https:\/\/alchemist.nachtundnebel.ch\/index.php\/wp-json\/wp\/v2\/pages\/145\/revisions"}],"predecessor-version":[{"id":172,"href":"https:\/\/alchemist.nachtundnebel.ch\/index.php\/wp-json\/wp\/v2\/pages\/145\/revisions\/172"}],"wp:attachment":[{"href":"https:\/\/alchemist.nachtundnebel.ch\/index.php\/wp-json\/wp\/v2\/media?parent=145"}],"curies":[{"name":"wp","href":"https:\/\/api.w.org\/{rel}","templated":true}]}}